{"id":6366,"date":"2019-11-08T10:33:31","date_gmt":"2019-11-08T10:33:31","guid":{"rendered":"https:\/\/ontherightfootlab.com\/?page_id=6366"},"modified":"2019-11-22T13:17:27","modified_gmt":"2019-11-22T13:17:27","slug":"cookies","status":"publish","type":"page","link":"https:\/\/ontherightfootlab.com\/en\/cookies\/","title":{"rendered":"Cookies"},"content":{"rendered":"<div class=\"vc_row wpb_row vc_row-fluid\"><div class=\"wpb_column vc_column_container vc_col-sm-12\"><div class=\"vc_column-inner\"><div class=\"wpb_wrapper\">\n\t<div class=\"wpb_text_column wpb_content_element\" >\n\t\t<div class=\"wpb_wrapper\">\n\t\t\t<p class=\"p1\"><span class=\"s1\"><b>\u201c<\/b><\/span><span class=\"s2\"><b>JAVIER BARRIO CALVO<\/b><\/span><span class=\"s1\"><b>\u201d <\/b><\/span><span class=\"s3\">puede recopilar informaci\u00f3n sobre los h\u00e1bitos de b\u00fasqueda de los usuarios del website por medio de cookies o archivos de registro. No se utilizar\u00e1n las cookies para recoger informaci\u00f3n de car\u00e1cter personal. Solamente se instalar\u00e1n si el Usuario permanece y contin\u00faa navegando en nuestra p\u00e1gina web, entendiendo que consiente su uso e instalaci\u00f3n. A continuaci\u00f3n, proporcionamos informaci\u00f3n detallada sobre qu\u00e9 es una cookie, para qu\u00e9 sirve, qu\u00e9 tipos de cookies utilizamos, cu\u00e1les son sus finalidades y c\u00f3mo puede configurarlas o deshabilitarlas si as\u00ed lo desea.<\/span><\/p>\n<p class=\"p1\"><span class=\"s3\"><b>a)\u00a0\u00bfQu\u00e9 es una cookie y para qu\u00e9 sirve?<\/b><\/span><\/p>\n<p class=\"p1\"><span class=\"s3\">Una \u00abCookie\u00bb es un peque\u00f1o archivo que se almacena en el ordenador del usuario, Tablet, Smartphone o cualquier otro dispositivo con informaci\u00f3n sobre la navegaci\u00f3n.<\/span><\/p>\n<p class=\"p1\"><span class=\"s3\">El conjunto de \u00abcookies\u00bb de todos nuestros usuarios nos ayuda a mejorar la calidad de nuestra web, permiti\u00e9ndonos controlar qu\u00e9 p\u00e1ginas son \u00fatiles, cu\u00e1les no y cu\u00e1les son susceptibles de mejora.<\/span><\/p>\n<p class=\"p1\"><span class=\"s3\">Las cookies son esenciales para el funcionamiento de Internet, aportando innumerables ventajas en la prestaci\u00f3n de servicios interactivos, facilit\u00e1ndole la navegaci\u00f3n y usabilidad de nuestro website.<\/span><\/p>\n<p class=\"p1\"><span class=\"s3\">En ning\u00fan caso las cookies podr\u00edan da\u00f1ar su equipo. Por contra, el que est\u00e9n activas nos ayuda a identificar y resolver los errores.<\/span><\/p>\n<p class=\"p1\"><span class=\"s3\"><b>b)\u00a0\u00bfQu\u00e9 tipos de cookies utilizamos?<\/b><\/span><\/p>\n<p class=\"p1\"><span class=\"s3\"><b>Seg\u00fan la entidad que la gestiona:<\/b><\/span><\/p>\n<ul class=\"ul1\">\n<li class=\"li2\"><span class=\"s3\"><b>Cookies propias<\/b>: Son aquellas que se env\u00edan a su equipo desde nuestros propios equipos o dominios y desde el que prestamos el servicio que nos solicita.<\/span><\/li>\n<li class=\"li2\"><span class=\"s3\"><b>Cookies de terceros<\/b>: Son aquellas que se env\u00edan a su equipo desde un equipo o dominio que no es gestionado por nosotros, sino por otra entidad colaboradora. Como, por ejemplo, las usadas por redes sociales, o por contenido externo como Google Maps.<\/span><\/li>\n<\/ul>\n<p class=\"p1\"><span class=\"s3\"><b>Seg\u00fan el plazo de tiempo que permanecen activadas:<\/b><\/span><\/p>\n<ul class=\"ul1\">\n<li class=\"li2\"><span class=\"s3\"><b>Cookies de sesi\u00f3n<\/b>: Son cookies temporales que permanecen en el archivo de cookies de su navegador hasta que el Usuario abandona la p\u00e1gina web, por lo que ninguna queda registrada en el disco duro de su ordenador. La informaci\u00f3n obtenida por medio de estas cookies, sirven para analizar pautas de tr\u00e1fico en el website. A la larga, esto nos permite proporcionar una mejor experiencia para mejorar el contenido y facilitar su uso.<\/span><\/li>\n<li class=\"li2\"><span class=\"s3\"><b>Cookies persistentes<\/b>: son almacenadas en el disco duro y nuestra web las lee cada vez que el Usuario realiza una nueva visita. Una cookie permanente posee una fecha de expiraci\u00f3n determinada. La cookie dejar\u00e1 de funcionar despu\u00e9s de esa fecha. Estas cookies las utilizamos, generalmente, para facilitar los servicios de compra y registro.<\/span><\/li>\n<\/ul>\n<p class=\"p1\"><span class=\"s3\"><b>Seg\u00fan su finalidad:<\/b><\/span><\/p>\n<ul class=\"ul1\">\n<li class=\"li2\"><span class=\"s3\"><b>Cookies t\u00e9cnicas<\/b>: Son aquellas necesarias para la navegaci\u00f3n y el buen funcionamiento de nuestro website. Permiten, por ejemplo, controlar el tr\u00e1fico y la comunicaci\u00f3n de datos, acceder a partes de acceso restringido, realizar el proceso de compra de un pedido, utilizar elementos de seguridad, almacenar contenidos para poder difundir v\u00eddeos o compartir contenidos a trav\u00e9s de redes sociales.<\/span><\/li>\n<li class=\"li2\"><span class=\"s3\"><b>Cookies de personalizaci\u00f3n<\/b>: Son aqu\u00e9llas que permiten al Usuario acceder al servicio con unas caracter\u00edsticas predefinidas en funci\u00f3n de una serie de criterios, como por ejemplo el idioma, el tipo de navegador a trav\u00e9s del cual se accede al servicio, la configuraci\u00f3n regional desde donde se accede al servicio, etc.<\/span><\/li>\n<li class=\"li2\"><span class=\"s3\"><b>Cookies de an\u00e1lisis<\/b>: Son aqu\u00e9llas que nos permiten cuantificar el n\u00famero de usuarios y as\u00ed realizar la medici\u00f3n y an\u00e1lisis estad\u00edstico de la utilizaci\u00f3n que hacen los usuarios de los servicios prestados.<\/span><\/li>\n<\/ul>\n<p class=\"p3\"><span class=\"s3\">Para ello se analiza su navegaci\u00f3n en nuestro website con el fin de mejorar la oferta de productos y servicios que ofrecemos.<\/span><\/p>\n<ul class=\"ul1\">\n<li class=\"li2\"><span class=\"s3\"><b>Cookies publicitarias<\/b>: Son aqu\u00e9llas que permiten la gesti\u00f3n, de la forma m\u00e1s eficaz posible, de los espacios publicitarios que se pudieran incluir en nuestro website.<\/span><\/li>\n<li class=\"li2\"><span class=\"s3\"><b>Cookies de publicidad comportamental<\/b>: Estas cookies almacenan informaci\u00f3n del comportamiento de los usuarios obtenida a trav\u00e9s de la observaci\u00f3n continuada. Gracias a ellas, podr\u00edamos conocer los h\u00e1bitos de navegaci\u00f3n en Internet y mostrarle publicidad relacionada con su perfil de navegaci\u00f3n.<\/span><\/li>\n<\/ul>\n<p class=\"p1\"><span class=\"s3\">\u00a0<b>Finalidad de cada una de las cookies utilizadas:<\/b><\/span><\/p>\n<p class=\"p1\"><span class=\"s3\">A continuaci\u00f3n, detallamos las cookies utilizadas en nuestra web y el proveedor al que pertenecen. Cookies propias son las que pertenecen a nuestro dominio y cookies de terceros son las que pertenecen a otros dominios seg\u00fan la <b>tabla <\/b>siguiente:<\/span><\/p>\n<p class=\"p1\"><span class=\"s3\"><b>\u00bfC\u00f3mo puede el Usuario configurar o deshabilitar las cookies?<\/b><\/span><\/p>\n<p class=\"p1\"><span class=\"s3\">Puede\u00a0<b>permitir, bloquear o eliminar las cookies instaladas en su equipo<\/b>\u00a0mediante la configuraci\u00f3n de las opciones de su navegador de Internet. En caso de que no permita la instalaci\u00f3n de cookies en su navegador es posible que no pueda acceder a algunos de los servicios y que su experiencia en el website pueda resultar menos satisfactoria.<\/span><\/p>\n<ul class=\"ul1\">\n<li class=\"li10\"><span class=\"s7\"><b>Firefox<\/b>: <a href=\"http:\/\/support.mozilla.org\/es\/kb\/habilitar-y-deshabilitar-cookies-que-los-sitios-we\"><span class=\"s8\">http:\/\/support.mozilla.org\/es\/kb\/habilitar-y-deshabilitar-cookies-que-los-sitios-we<\/span><\/a><\/span><\/li>\n<li class=\"li10\"><span class=\"s7\"><b>Chrome<\/b>: <a href=\"http:\/\/support.google.com\/chrome\/bin\/answer.py?hl=es&amp;answer=95647\"><span class=\"s8\">http:\/\/support.google.com\/chrome\/bin\/answer.py?hl=es&amp;answer=95647<\/span><\/a><\/span><\/li>\n<li class=\"li10\"><span class=\"s7\"><b>Explorer<\/b>: <\/span><span class=\"s5\">https:\/\/support.microsoft.com\/es-es\/help\/17442<\/span><\/li>\n<li class=\"li10\"><span class=\"s7\"><b>Safari<\/b>: <a href=\"http:\/\/support.apple.com\/kb\/ph5042\"><span class=\"s8\">http:\/\/support.apple.com\/kb\/ph5042<\/span><\/a><\/span><\/li>\n<li class=\"li10\"><span class=\"s7\"><b>Opera<\/b>: <a href=\"http:\/\/help.opera.com\/Windows\/11.50\/es-ES\/cookies.html\"><span class=\"s8\">http:\/\/help.opera.com\/Windows\/11.50\/es-ES\/cookies.html<\/span><\/a><\/span><\/li>\n<li class=\"li2\"><span class=\"s3\"><b>Otros navegadores<\/b>: consulte la documentaci\u00f3n del navegador que tenga instalado.<\/span><\/li>\n<\/ul>\n<hr \/>\n<p class=\"p11\"><span class=\"s3\"><b>INFORMACION SOBRE DIFERENTES COOKIES QUE OS PUEDEN AYUDAR A IDENDIFICAR LAS VUESTRAS:<\/b><\/span><\/p>\n<p><b>Cookies de terceros<\/b>\u00a0de\u00a0<b>Google Analytics<\/b>\u00a0para analizar las visitas, clics, sesiones de los usuarios en el sitio web, etc.<\/p>\n<ul>\n<li><strong>_ga<\/strong>. Dura 2 a\u00f1os y s<span class=\"s3\">e usa para distinguir a los usuarios.\u00a0<\/span><\/li>\n<li><strong>_gat<\/strong>. Dura 10 minutos y se usa para\u00a0<span class=\"s3\">controlar la tasa de peticiones.\u00a0<\/span><\/li>\n<li><strong>_gid<\/strong>. Dura 1 d\u00eda y se usa para distinguir usuarios.<\/li>\n<\/ul>\n<p><b>Cookies de terceros<\/b>\u00a0que usa\u00a0<b>WordPress<\/b>\u00a0para mejorar la experiencia del usuario en la p\u00e1gina.<\/p>\n<ul>\n<li><strong>tk_r3d<\/strong>.\u00a0 De Jetpack Analytics. Dura 2 d\u00edas y se usa para finalidades estad\u00edsticas.<\/li>\n<li><strong>tk_lr<\/strong> y <strong>tk_or<\/strong>. Duran m\u00e1s de 1 a\u00f1o y se usan al finalizar sesi\u00f3n.<\/li>\n<\/ul>\n\n\t\t<\/div>\n\t<\/div>\n<\/div><\/div><\/div><\/div>","protected":false},"excerpt":{"rendered":"[...]","protected":false},"author":1,"featured_media":0,"parent":0,"menu_order":0,"comment_status":"closed","ping_status":"closed","template":"","meta":{"spay_email":""},"yoast_head":"<!-- This site is optimized with the Yoast SEO plugin v17.4 - https:\/\/yoast.com\/wordpress\/plugins\/seo\/ -->\n<title>Cookies - On the right foot<\/title>\n<meta name=\"robots\" content=\"index, follow, max-snippet:-1, max-image-preview:large, max-video-preview:-1\" \/>\n<link rel=\"canonical\" href=\"https:\/\/ontherightfootlab.com\/en\/cookies\/\" \/>\n<meta property=\"og:locale\" content=\"en_US\" \/>\n<meta property=\"og:type\" content=\"article\" \/>\n<meta property=\"og:title\" content=\"Cookies - On the right foot\" \/>\n<meta property=\"og:url\" content=\"https:\/\/ontherightfootlab.com\/en\/cookies\/\" \/>\n<meta property=\"og:site_name\" content=\"On the right foot\" \/>\n<meta property=\"article:modified_time\" content=\"2019-11-22T13:17:27+00:00\" \/>\n<meta name=\"twitter:card\" content=\"summary_large_image\" \/>\n<meta name=\"twitter:label1\" content=\"Est. reading time\" \/>\n\t<meta name=\"twitter:data1\" content=\"5 minutes\" \/>\n<script type=\"application\/ld+json\" class=\"yoast-schema-graph\">{\"@context\":\"https:\/\/schema.org\",\"@graph\":[{\"@type\":\"WebSite\",\"@id\":\"https:\/\/ontherightfootlab.com\/#website\",\"url\":\"https:\/\/ontherightfootlab.com\/\",\"name\":\"On the right foot\",\"description\":\"Biomechanics Lab\",\"potentialAction\":[{\"@type\":\"SearchAction\",\"target\":{\"@type\":\"EntryPoint\",\"urlTemplate\":\"https:\/\/ontherightfootlab.com\/?s={search_term_string}\"},\"query-input\":\"required name=search_term_string\"}],\"inLanguage\":\"en-US\"},{\"@type\":\"WebPage\",\"@id\":\"http:\/\/ontherightfootlab.com\/cookies\/#webpage\",\"url\":\"http:\/\/ontherightfootlab.com\/cookies\/\",\"name\":\"Cookies - On the right foot\",\"isPartOf\":{\"@id\":\"https:\/\/ontherightfootlab.com\/#website\"},\"datePublished\":\"2019-11-08T10:33:31+00:00\",\"dateModified\":\"2019-11-22T13:17:27+00:00\",\"breadcrumb\":{\"@id\":\"http:\/\/ontherightfootlab.com\/cookies\/#breadcrumb\"},\"inLanguage\":\"en-US\",\"potentialAction\":[{\"@type\":\"ReadAction\",\"target\":[\"http:\/\/ontherightfootlab.com\/cookies\/\"]}]},{\"@type\":\"BreadcrumbList\",\"@id\":\"http:\/\/ontherightfootlab.com\/cookies\/#breadcrumb\",\"itemListElement\":[{\"@type\":\"ListItem\",\"position\":1,\"name\":\"Portada\",\"item\":\"http:\/\/ontherightfootlab.com\/en\/\"},{\"@type\":\"ListItem\",\"position\":2,\"name\":\"Cookies\"}]}]}<\/script>\n<!-- \/ Yoast SEO plugin. -->","yoast_head_json":{"title":"Cookies - On the right foot","robots":{"index":"index","follow":"follow","max-snippet":"max-snippet:-1","max-image-preview":"max-image-preview:large","max-video-preview":"max-video-preview:-1"},"canonical":"https:\/\/ontherightfootlab.com\/en\/cookies\/","og_locale":"en_US","og_type":"article","og_title":"Cookies - On the right foot","og_url":"https:\/\/ontherightfootlab.com\/en\/cookies\/","og_site_name":"On the right foot","article_modified_time":"2019-11-22T13:17:27+00:00","twitter_card":"summary_large_image","twitter_misc":{"Est. reading time":"5 minutes"},"schema":{"@context":"https:\/\/schema.org","@graph":[{"@type":"WebSite","@id":"https:\/\/ontherightfootlab.com\/#website","url":"https:\/\/ontherightfootlab.com\/","name":"On the right foot","description":"Biomechanics Lab","potentialAction":[{"@type":"SearchAction","target":{"@type":"EntryPoint","urlTemplate":"https:\/\/ontherightfootlab.com\/?s={search_term_string}"},"query-input":"required name=search_term_string"}],"inLanguage":"en-US"},{"@type":"WebPage","@id":"http:\/\/ontherightfootlab.com\/cookies\/#webpage","url":"http:\/\/ontherightfootlab.com\/cookies\/","name":"Cookies - On the right foot","isPartOf":{"@id":"https:\/\/ontherightfootlab.com\/#website"},"datePublished":"2019-11-08T10:33:31+00:00","dateModified":"2019-11-22T13:17:27+00:00","breadcrumb":{"@id":"http:\/\/ontherightfootlab.com\/cookies\/#breadcrumb"},"inLanguage":"en-US","potentialAction":[{"@type":"ReadAction","target":["http:\/\/ontherightfootlab.com\/cookies\/"]}]},{"@type":"BreadcrumbList","@id":"http:\/\/ontherightfootlab.com\/cookies\/#breadcrumb","itemListElement":[{"@type":"ListItem","position":1,"name":"Portada","item":"http:\/\/ontherightfootlab.com\/en\/"},{"@type":"ListItem","position":2,"name":"Cookies"}]}]}},"jetpack_sharing_enabled":true,"jetpack_shortlink":"https:\/\/wp.me\/PaVjIj-1EG","_links":{"self":[{"href":"https:\/\/ontherightfootlab.com\/en\/wp-json\/wp\/v2\/pages\/6366"}],"collection":[{"href":"https:\/\/ontherightfootlab.com\/en\/wp-json\/wp\/v2\/pages"}],"about":[{"href":"https:\/\/ontherightfootlab.com\/en\/wp-json\/wp\/v2\/types\/page"}],"author":[{"embeddable":true,"href":"https:\/\/ontherightfootlab.com\/en\/wp-json\/wp\/v2\/users\/1"}],"replies":[{"embeddable":true,"href":"https:\/\/ontherightfootlab.com\/en\/wp-json\/wp\/v2\/comments?post=6366"}],"version-history":[{"count":5,"href":"https:\/\/ontherightfootlab.com\/en\/wp-json\/wp\/v2\/pages\/6366\/revisions"}],"predecessor-version":[{"id":6395,"href":"https:\/\/ontherightfootlab.com\/en\/wp-json\/wp\/v2\/pages\/6366\/revisions\/6395"}],"wp:attachment":[{"href":"https:\/\/ontherightfootlab.com\/en\/wp-json\/wp\/v2\/media?parent=6366"}],"curies":[{"name":"wp","href":"https:\/\/api.w.org\/{rel}","templated":true}]}}