{"id":6343,"date":"2019-09-25T15:44:45","date_gmt":"2019-09-25T15:44:45","guid":{"rendered":"https:\/\/ontherightfootlab.com\/?page_id=6343"},"modified":"2020-10-27T16:20:26","modified_gmt":"2020-10-27T16:20:26","slug":"blog","status":"publish","type":"page","link":"https:\/\/ontherightfootlab.com\/en\/blog\/","title":{"rendered":"Con buen pie (blog)"},"content":{"rendered":"<div class=\"vc_row wpb_row vc_row-fluid\"><div class=\"wpb_column vc_column_container vc_col-sm-12\"><div class=\"vc_column-inner\"><div class=\"wpb_wrapper\"><div class=\"mkd-elements-holder mkd-two-columns mkd-responsive-mode-1024\" ><div class=\"mkd-eh-item mkd-vertical-alignment-bottom\" style=\"background-color: #cccccc\" data-item-class=\"mkd-eh-custom-806470\" data-1280-1600=\"110px 18% 48px 8%\" data-1024-1280=\"100px 12% 39px 13%\" data-768-1024=\"150px 15% 81px 0%\" data-600-768=\"110px 19% 42px 11%\" data-480=\"70px 3% 22px 13%\">\n\t<div class=\"mkd-eh-item-inner\">\n\t\t<div class=\"mkd-eh-item-content mkd-eh-custom-806470\" style=\"padding: 185px 10% 124px\">\n\t\t\t\n\t<div class=\"wpb_text_column wpb_content_element\" >\n\t\t<div class=\"wpb_wrapper\">\n\t\t\t<h2><span style=\"color: #080808;\">Blog \u00abCon buen pie\u00bb<\/span><\/h2>\n\n\t\t<\/div>\n\t<\/div>\n\n\t<div class=\"wpb_text_column wpb_content_element\" >\n\t\t<div class=\"wpb_wrapper\">\n\t\t\t<h4><span style=\"color: #080808;\">Curiosidades biomec\u00e1nicas y de salud. Noticias y avances tecnol\u00f3gicos relacionados con patolog\u00edas de inter\u00e9s para el deportista. Informaci\u00f3n sobre nosotros y los eventos en los que participamos.<\/span><\/h4>\n\n\t\t<\/div>\n\t<\/div>\n<div class=\"vc_empty_space\"   style=\"height: 40px\" ><span class=\"vc_empty_space_inner\"><\/span><\/div>\n\n\t<div class=\"wpb_text_column wpb_content_element\" >\n\t\t<div class=\"wpb_wrapper\">\n\t\t\t<p class=\"p1\"><em>On the right foot<\/em> apuesta por la b\u00fasqueda de la mejora diaria, conocer factores de riesgo y comprender las lesiones que afectan a nuestros pacientes.<\/p>\n\n\t\t<\/div>\n\t<\/div>\n\t\t<\/div>\n\t<\/div>\n<\/div><div class=\"mkd-eh-item\" style=\"background-color: #cccccc\" data-item-class=\"mkd-eh-custom-710753\" data-1280-1600=\"80px 18% 0px 8%\" data-1024-1280=\"68px 17% 0px 15%\" data-768-1024=\"350px 0% 350px 0%\" data-600-768=\"300px 21% 300px 4%\" data-480=\"200px 0% 200px 0%\">\n\t<div class=\"mkd-eh-item-inner\">\n\t\t<div class=\"mkd-eh-item-content mkd-eh-custom-710753\" >\n\t\t\t\n\t<div  class=\"wpb_single_image wpb_content_element vc_align_center  vc_custom_1569426279302\">\n\t\t\n\t\t<figure class=\"wpb_wrapper vc_figure\">\n\t\t\t<div class=\"vc_single_image-wrapper   vc_box_border_grey\"><img width=\"1012\" height=\"964\" src=\"https:\/\/i2.wp.com\/ontherightfootlab.com\/wp-content\/uploads\/2019\/09\/Captura-de-pantalla-2019-09-25-a-las-17.20.22.png?fit=1012%2C964&amp;ssl=1\" class=\"vc_single_image-img attachment-full\" alt=\"\" loading=\"lazy\" srcset=\"https:\/\/i2.wp.com\/ontherightfootlab.com\/wp-content\/uploads\/2019\/09\/Captura-de-pantalla-2019-09-25-a-las-17.20.22.png?w=1012&amp;ssl=1 1012w, https:\/\/i2.wp.com\/ontherightfootlab.com\/wp-content\/uploads\/2019\/09\/Captura-de-pantalla-2019-09-25-a-las-17.20.22.png?resize=300%2C286&amp;ssl=1 300w, https:\/\/i2.wp.com\/ontherightfootlab.com\/wp-content\/uploads\/2019\/09\/Captura-de-pantalla-2019-09-25-a-las-17.20.22.png?resize=768%2C732&amp;ssl=1 768w, https:\/\/i2.wp.com\/ontherightfootlab.com\/wp-content\/uploads\/2019\/09\/Captura-de-pantalla-2019-09-25-a-las-17.20.22.png?resize=600%2C572&amp;ssl=1 600w\" sizes=\"(max-width: 1012px) 100vw, 1012px\" \/><\/div>\n\t\t<\/figure>\n\t<\/div>\n\t\t<\/div>\n\t<\/div>\n<\/div><\/div><\/div><\/div><\/div><\/div><div class=\"mkd-row-grid-section\"><div class=\"vc_row wpb_row vc_row-fluid\"><div class=\"wpb_column vc_column_container vc_col-sm-12\"><div class=\"vc_column-inner\"><div class=\"wpb_wrapper\"><div class=\"vc_empty_space\"   style=\"height: 50px\" ><span class=\"vc_empty_space_inner\"><\/span><\/div>\n<div class=\"vc_tta-container\" data-vc-action=\"collapseAll\"><div class=\"vc_general vc_tta vc_tta-accordion vc_tta-color-grey vc_tta-style-classic vc_tta-shape-rounded vc_tta-o-shape-group vc_tta-controls-align-left vc_tta-o-all-clickable\"><div class=\"vc_tta-panels-container\"><div class=\"vc_tta-panels\"><div class=\"vc_tta-panel\" id=\"1574280124788-121781a3-1e3b\" data-vc-content=\".vc_tta-panel-body\"><div class=\"vc_tta-panel-heading\"><h4 class=\"vc_tta-panel-title vc_tta-controls-icon-position-left\"><a href=\"#1574280124788-121781a3-1e3b\" data-vc-accordion data-vc-container=\".vc_tta-container\"><span class=\"vc_tta-title-text\">Hello world<\/span><i class=\"vc_tta-controls-icon vc_tta-controls-icon-plus\"><\/i><\/a><\/h4><\/div><div class=\"vc_tta-panel-body\">\n\t<div class=\"wpb_text_column wpb_content_element\" >\n\t\t<div class=\"wpb_wrapper\">\n\t\t\t<p><b>HELLO WORLD<\/b><\/p>\n<p><span style=\"font-weight: 400;\">El objetivo de esta web y de este blog es aportar recomendaciones de salud, hablar sobre experiencias personales y profesionales de inter\u00e9s, dar informaci\u00f3n sobre eventos en los que participamos y un mayor conocimiento sobre nosotros, traslad\u00e1ndoos nuestra ilusi\u00f3n por lo que hacemos y nuestro pensamiento de mejorar d\u00eda a d\u00eda.\u00a0<\/span><\/p>\n<p><span style=\"font-weight: 400;\">Aqu\u00ed comienza un camino que esperemos sea largo.<\/span><\/p>\n<p><span style=\"font-weight: 400;\">Somos un equipo de profesionales de la Salud, con experiencia de m\u00e1s de 15 a\u00f1os en el manejo de lesiones, que ofrecemos nuestros servicios a deportistas, personas con problemas relacionados con alteraciones biomec\u00e1nicas, ni\u00f1os con trastornos del crecimiento y, por supuesto, a personas que no sepan si su biomec\u00e1nica es buena o no. Realizamos, PLANTILLAS 100% PERSONALIZADAS y HECHAS A MEDIDA, que garantizan calidad, confort y durabilidad. Para ello estudiamos biomec\u00e1nicamente al paciente, con el fin de conocer a fondo sus factores de riesgo, o, si ya est\u00e1 lesionado, COMPRENDER LA LESI\u00d3N que le afecta, con el fin de que no vuelva a recaer.<\/span><\/p>\n<p><span style=\"font-weight: 400;\">En OTRF ayudamos a los pacientes a conocer sus puntos d\u00e9biles y trabajar sobre ellos. Nuestra mayor inquietud es desvelar los factores de riesgo y explicar el \u201cporqu\u00e9\u201d de las lesiones.\u00a0<\/span><\/p>\n<p><span style=\"font-weight: 400;\">\u201cEL QUE SE LESIONA TIENE QUE SABER PORQU\u00c9 SE HA LESIONADO\u201d<\/span><\/p>\n<p>&nbsp;<\/p>\n\n\t\t<\/div>\n\t<\/div>\n<\/div><\/div><div class=\"vc_tta-panel\" id=\"1574280124827-a427430d-d5f6\" data-vc-content=\".vc_tta-panel-body\"><div class=\"vc_tta-panel-heading\"><h4 class=\"vc_tta-panel-title vc_tta-controls-icon-position-left\"><a href=\"#1574280124827-a427430d-d5f6\" data-vc-accordion data-vc-container=\".vc_tta-container\"><span class=\"vc_tta-title-text\">Filosof\u00eda OTRF<\/span><i class=\"vc_tta-controls-icon vc_tta-controls-icon-plus\"><\/i><\/a><\/h4><\/div><div class=\"vc_tta-panel-body\">\n\t<div class=\"wpb_text_column wpb_content_element\" >\n\t\t<div class=\"wpb_wrapper\">\n\t\t\t<p><b>Rigor<\/b><span style=\"font-weight: 400;\">: nuestro trabajo trata de ser <\/span><b>preciso<\/b><span style=\"font-weight: 400;\"> en el an\u00e1lisis y <\/span><b>claro<\/b><span style=\"font-weight: 400;\"> en los objetivos, siempre de la mano de bases cient\u00edficas. Las modas pasajeras no nos interesan, trabajamos en una <\/span><b>actualizaci\u00f3n constante<\/b><span style=\"font-weight: 400;\">, pero con unas <\/span><b>bases s\u00f3lidas<\/b><span style=\"font-weight: 400;\">.\u00a0<\/span><\/p>\n<p><b>M\u00e1xima calidad<\/b><span style=\"font-weight: 400;\">: nuestros estudios biomec\u00e1nicos y nuestras plantillas cumplen los m\u00e1s altos criterios de calidad, son individualizados y personalizados 100%. Usamos la m\u00e1s avanzada tecnolog\u00eda y no estamos de paso.<\/span><\/p>\n<p><span style=\"font-weight: 400;\">Creemos firmemente en el <\/span><b>trabajo en equipo<\/b><span style=\"font-weight: 400;\">, un profesional de la salud no puede llegar s\u00f3lo a ning\u00fan sitio, todos tenemos nuestras limitaciones, pero si en la mejora diaria y en la evoluci\u00f3n constante, nos rodeamos de buenos profesionales, el paciente obtendr\u00e1 mayores beneficios y su confianza en nosotros aumentar\u00e1. Participamos activamente en investigaciones y divulgaciones cient\u00edficas.<\/span><\/p>\n<p><b>Visi\u00f3n global<\/b><span style=\"font-weight: 400;\"> del paciente, <\/span><b>an\u00e1lisis de riesgos<\/b><span style=\"font-weight: 400;\"> y aportaci\u00f3n de <\/span><b>soluciones globales<\/b><span style=\"font-weight: 400;\"> para as\u00ed obtener el <\/span><b>m\u00e1ximo rendimiento<\/b><span style=\"font-weight: 400;\">. Un tratamiento no se puede basar \u00fanicamente en usar plantillas.<\/span><\/p>\n<p><b>M\u00e1s vale prevenir que curar<\/b><span style=\"font-weight: 400;\">, nuestro objetivo es anteponernos al problema. Ayudamos no s\u00f3lo en el tratamiento, sino en la prevenci\u00f3n.<\/span><\/p>\n<p><span style=\"font-weight: 400;\">Concienciar al paciente sobre una <\/span><b>vida activa<\/b><span style=\"font-weight: 400;\"> y <\/span><b>saludable<\/b><span style=\"font-weight: 400;\">. Un mundo activo es un mundo mejor. Hay algo en el mundo que siempre podr\u00e1s mejorar, ese algo eres t\u00fa.<\/span><\/p>\n\n\t\t<\/div>\n\t<\/div>\n<\/div><\/div><div class=\"vc_tta-panel\" id=\"1574280233511-3c97b324-7d1f\" data-vc-content=\".vc_tta-panel-body\"><div class=\"vc_tta-panel-heading\"><h4 class=\"vc_tta-panel-title vc_tta-controls-icon-position-left\"><a href=\"#1574280233511-3c97b324-7d1f\" data-vc-accordion data-vc-container=\".vc_tta-container\"><span class=\"vc_tta-title-text\">Conclusiones<\/span><i class=\"vc_tta-controls-icon vc_tta-controls-icon-plus\"><\/i><\/a><\/h4><\/div><div class=\"vc_tta-panel-body\">\n\t<div class=\"wpb_text_column wpb_content_element\" >\n\t\t<div class=\"wpb_wrapper\">\n\t\t\t<p><span style=\"font-weight: 400;\">Las lesiones existen y existir\u00e1n, pero cuanto m\u00e1s entandamos sobre ellas y las conozcamos, mayor ser\u00e1 el \u00e9xito en la prevenci\u00f3n y curaci\u00f3n de las mismas.<\/span><\/p>\n<p><b><i>Si tienes alguna duda o inquietud, no dudes en contactarnos, aceptamos sugerencias.<\/i><\/b><\/p>\n<p><b><i>info@ontherightfootlab.com<\/i><\/b><\/p>\n\n\t\t<\/div>\n\t<\/div>\n<\/div><\/div><\/div><\/div><\/div><\/div><div class=\"vc_empty_space\"   style=\"height: 50px\" ><span class=\"vc_empty_space_inner\"><\/span><\/div>\n<!-- vc_grid start -->\n<div class=\"vc_grid-container-wrapper vc_clearfix\" >\n\t<div class=\"vc_grid-container vc_clearfix wpb_content_element vc_basic_grid\" data-initial-loading-animation=\"fadeIn\" data-vc-grid-settings=\"{&quot;page_id&quot;:6343,&quot;style&quot;:&quot;all&quot;,&quot;action&quot;:&quot;vc_get_vc_grid_data&quot;,&quot;shortcode_id&quot;:&quot;1603815605218-39b04af3-a574-10&quot;,&quot;tag&quot;:&quot;vc_basic_grid&quot;}\" data-vc-request=\"https:\/\/ontherightfootlab.com\/wp-admin\/admin-ajax.php\" data-vc-post-id=\"6343\" data-vc-public-nonce=\"2ad398a103\">\n\t\t<style type=\"text\/css\" data-type=\"vc_shortcodes-custom-css\">.vc_custom_1419240516480{background-color: #f9f9f9 !important;}<\/style><div class=\"vc_grid vc_row vc_grid-gutter-30px vc_pageable-wrapper vc_hook_hover\" data-vc-pageable-content=\"true\"><div class=\"vc_pageable-slide-wrapper vc_clearfix\" data-vc-grid-content=\"true\"><div class=\"vc_grid-item vc_clearfix vc_col-sm-4 vc_grid-item-zone-c-bottom\"><div class=\"vc_grid-item-mini vc_clearfix\"><div class=\"vc_gitem-animated-block\"><div class=\"vc_gitem-zone vc_gitem-zone-a vc-gitem-zone-height-mode-auto vc-gitem-zone-height-mode-auto-1-1 vc_gitem-is-link\" style=\"background-image: url('https:\/\/i0.wp.com\/ontherightfootlab.com\/wp-content\/uploads\/2019\/05\/imagen-para-el-blog.png?fit=1024%2C576&ssl=1') !important;\">\n\t<a href=\"https:\/\/ontherightfootlab.com\/en\/2020\/10\/30\/es-sano-caminar-descalzo\/\" title=\"\u00bfEs sano caminar descalzo?\" class=\"vc_gitem-link vc-zone-link\"><\/a>\t<img src=\"https:\/\/i0.wp.com\/ontherightfootlab.com\/wp-content\/uploads\/2019\/05\/imagen-para-el-blog.png?fit=1024%2C576&ssl=1\" class=\"vc_gitem-zone-img\" alt=\"\">\t<div class=\"vc_gitem-zone-mini\">\n\t\t\t<\/div>\n<\/div>\n<\/div>\n<div class=\"vc_gitem-zone vc_gitem-zone-c vc_custom_1419240516480\">\n\t<div class=\"vc_gitem-zone-mini\">\n\t\t<div class=\"vc_gitem_row vc_row vc_gitem-row-position-top\"><div class=\"vc_col-sm-12 vc_gitem-col vc_gitem-col-align-\"><div class=\"vc_custom_heading vc_gitem-post-data vc_gitem-post-data-source-post_title\" ><h4 style=\"text-align: left\" >\u00bfEs sano caminar descalzo?<\/h4><\/div><div class=\"vc_custom_heading vc_gitem-post-data vc_gitem-post-data-source-post_excerpt\" ><p style=\"text-align: left\" ><p> [&hellip;]<\/p>\n<\/p><\/div>\t<div class=\"vc_btn3-container vc_btn3-left\" >\n\t\t<a class=\"vc_general vc_btn3 vc_btn3-size-md vc_btn3-shape-rounded vc_btn3-style-flat vc_btn3-color-juicy-pink\" a href=\"https:\/\/ontherightfootlab.com\/en\/2020\/10\/30\/es-sano-caminar-descalzo\/\" title=\"Read more\">Read more<\/a><\/div>\n\n\n\n<\/div><\/div>\t<\/div>\n<\/div>\n<\/div><div class=\"vc_clearfix\"><\/div><\/div><div class=\"vc_grid-item vc_clearfix vc_col-sm-4 vc_grid-item-zone-c-bottom\"><div class=\"vc_grid-item-mini vc_clearfix\"><div class=\"vc_gitem-animated-block\"><div class=\"vc_gitem-zone vc_gitem-zone-a vc-gitem-zone-height-mode-auto vc-gitem-zone-height-mode-auto-1-1 vc_gitem-is-link\" style=\"background-image: url('https:\/\/i1.wp.com\/ontherightfootlab.com\/wp-content\/uploads\/2019\/11\/imagen-definitiva-post-1-bn.png?fit=1024%2C576&ssl=1') !important;\">\n\t<a href=\"https:\/\/ontherightfootlab.com\/en\/2019\/11\/20\/articulo-de-prueba\/\" title=\"Un mundo activo es un mundo mejor\" class=\"vc_gitem-link vc-zone-link\"><\/a>\t<img src=\"https:\/\/i1.wp.com\/ontherightfootlab.com\/wp-content\/uploads\/2019\/11\/imagen-definitiva-post-1-bn.png?fit=1024%2C576&ssl=1\" class=\"vc_gitem-zone-img\" alt=\"\">\t<div class=\"vc_gitem-zone-mini\">\n\t\t\t<\/div>\n<\/div>\n<\/div>\n<div class=\"vc_gitem-zone vc_gitem-zone-c vc_custom_1419240516480\">\n\t<div class=\"vc_gitem-zone-mini\">\n\t\t<div class=\"vc_gitem_row vc_row vc_gitem-row-position-top\"><div class=\"vc_col-sm-12 vc_gitem-col vc_gitem-col-align-\"><div class=\"vc_custom_heading vc_gitem-post-data vc_gitem-post-data-source-post_title\" ><h4 style=\"text-align: left\" >Un mundo activo es un mundo mejor<\/h4><\/div><div class=\"vc_custom_heading vc_gitem-post-data vc_gitem-post-data-source-post_excerpt\" ><p style=\"text-align: left\" ><p> [&hellip;]<\/p>\n<\/p><\/div>\t<div class=\"vc_btn3-container vc_btn3-left\" >\n\t\t<a class=\"vc_general vc_btn3 vc_btn3-size-md vc_btn3-shape-rounded vc_btn3-style-flat vc_btn3-color-juicy-pink\" a href=\"https:\/\/ontherightfootlab.com\/en\/2019\/11\/20\/articulo-de-prueba\/\" title=\"Read more\">Read more<\/a><\/div>\n\n\n\n<\/div><\/div>\t<\/div>\n<\/div>\n<\/div><div class=\"vc_clearfix\"><\/div><\/div><\/div><\/div>\t<\/div>\n<\/div><!-- vc_grid end -->\n<div class=\"vc_empty_space\"   style=\"height: 32px\" ><span class=\"vc_empty_space_inner\"><\/span><\/div>\n<\/div><\/div><\/div><\/div><\/div>","protected":false},"excerpt":{"rendered":"[...]","protected":false},"author":1,"featured_media":0,"parent":0,"menu_order":0,"comment_status":"closed","ping_status":"closed","template":"full-width.php","meta":{"spay_email":""},"yoast_head":"<!-- This site is optimized with the Yoast SEO plugin v17.4 - https:\/\/yoast.com\/wordpress\/plugins\/seo\/ -->\n<title>Con buen pie (blog) - On the right foot<\/title>\n<meta name=\"robots\" content=\"index, follow, max-snippet:-1, max-image-preview:large, max-video-preview:-1\" \/>\n<link rel=\"canonical\" href=\"https:\/\/ontherightfootlab.com\/en\/blog\/\" \/>\n<meta property=\"og:locale\" content=\"en_US\" \/>\n<meta property=\"og:type\" content=\"article\" \/>\n<meta property=\"og:title\" content=\"Con buen pie (blog) - On the right foot\" \/>\n<meta property=\"og:url\" content=\"https:\/\/ontherightfootlab.com\/en\/blog\/\" \/>\n<meta property=\"og:site_name\" content=\"On the right foot\" \/>\n<meta property=\"article:modified_time\" content=\"2020-10-27T16:20:26+00:00\" \/>\n<meta name=\"twitter:card\" content=\"summary_large_image\" \/>\n<meta name=\"twitter:label1\" content=\"Est. reading time\" \/>\n\t<meta name=\"twitter:data1\" content=\"4 minutes\" \/>\n<script type=\"application\/ld+json\" class=\"yoast-schema-graph\">{\"@context\":\"https:\/\/schema.org\",\"@graph\":[{\"@type\":\"WebSite\",\"@id\":\"https:\/\/ontherightfootlab.com\/#website\",\"url\":\"https:\/\/ontherightfootlab.com\/\",\"name\":\"On the right foot\",\"description\":\"Biomechanics Lab\",\"potentialAction\":[{\"@type\":\"SearchAction\",\"target\":{\"@type\":\"EntryPoint\",\"urlTemplate\":\"https:\/\/ontherightfootlab.com\/?s={search_term_string}\"},\"query-input\":\"required name=search_term_string\"}],\"inLanguage\":\"en-US\"},{\"@type\":\"WebPage\",\"@id\":\"https:\/\/ontherightfootlab.com\/blog\/#webpage\",\"url\":\"https:\/\/ontherightfootlab.com\/blog\/\",\"name\":\"Con buen pie (blog) - On the right foot\",\"isPartOf\":{\"@id\":\"https:\/\/ontherightfootlab.com\/#website\"},\"datePublished\":\"2019-09-25T15:44:45+00:00\",\"dateModified\":\"2020-10-27T16:20:26+00:00\",\"breadcrumb\":{\"@id\":\"https:\/\/ontherightfootlab.com\/blog\/#breadcrumb\"},\"inLanguage\":\"en-US\",\"potentialAction\":[{\"@type\":\"ReadAction\",\"target\":[\"https:\/\/ontherightfootlab.com\/blog\/\"]}]},{\"@type\":\"BreadcrumbList\",\"@id\":\"https:\/\/ontherightfootlab.com\/blog\/#breadcrumb\",\"itemListElement\":[{\"@type\":\"ListItem\",\"position\":1,\"name\":\"Portada\",\"item\":\"http:\/\/ontherightfootlab.com\/en\/\"},{\"@type\":\"ListItem\",\"position\":2,\"name\":\"Con buen pie (blog)\"}]}]}<\/script>\n<!-- \/ Yoast SEO plugin. -->","yoast_head_json":{"title":"Con buen pie (blog) - On the right foot","robots":{"index":"index","follow":"follow","max-snippet":"max-snippet:-1","max-image-preview":"max-image-preview:large","max-video-preview":"max-video-preview:-1"},"canonical":"https:\/\/ontherightfootlab.com\/en\/blog\/","og_locale":"en_US","og_type":"article","og_title":"Con buen pie (blog) - On the right foot","og_url":"https:\/\/ontherightfootlab.com\/en\/blog\/","og_site_name":"On the right foot","article_modified_time":"2020-10-27T16:20:26+00:00","twitter_card":"summary_large_image","twitter_misc":{"Est. reading time":"4 minutes"},"schema":{"@context":"https:\/\/schema.org","@graph":[{"@type":"WebSite","@id":"https:\/\/ontherightfootlab.com\/#website","url":"https:\/\/ontherightfootlab.com\/","name":"On the right foot","description":"Biomechanics Lab","potentialAction":[{"@type":"SearchAction","target":{"@type":"EntryPoint","urlTemplate":"https:\/\/ontherightfootlab.com\/?s={search_term_string}"},"query-input":"required name=search_term_string"}],"inLanguage":"en-US"},{"@type":"WebPage","@id":"https:\/\/ontherightfootlab.com\/blog\/#webpage","url":"https:\/\/ontherightfootlab.com\/blog\/","name":"Con buen pie (blog) - On the right foot","isPartOf":{"@id":"https:\/\/ontherightfootlab.com\/#website"},"datePublished":"2019-09-25T15:44:45+00:00","dateModified":"2020-10-27T16:20:26+00:00","breadcrumb":{"@id":"https:\/\/ontherightfootlab.com\/blog\/#breadcrumb"},"inLanguage":"en-US","potentialAction":[{"@type":"ReadAction","target":["https:\/\/ontherightfootlab.com\/blog\/"]}]},{"@type":"BreadcrumbList","@id":"https:\/\/ontherightfootlab.com\/blog\/#breadcrumb","itemListElement":[{"@type":"ListItem","position":1,"name":"Portada","item":"http:\/\/ontherightfootlab.com\/en\/"},{"@type":"ListItem","position":2,"name":"Con buen pie (blog)"}]}]}},"jetpack_sharing_enabled":true,"jetpack_shortlink":"https:\/\/wp.me\/PaVjIj-1Ej","_links":{"self":[{"href":"https:\/\/ontherightfootlab.com\/en\/wp-json\/wp\/v2\/pages\/6343"}],"collection":[{"href":"https:\/\/ontherightfootlab.com\/en\/wp-json\/wp\/v2\/pages"}],"about":[{"href":"https:\/\/ontherightfootlab.com\/en\/wp-json\/wp\/v2\/types\/page"}],"author":[{"embeddable":true,"href":"https:\/\/ontherightfootlab.com\/en\/wp-json\/wp\/v2\/users\/1"}],"replies":[{"embeddable":true,"href":"https:\/\/ontherightfootlab.com\/en\/wp-json\/wp\/v2\/comments?post=6343"}],"version-history":[{"count":32,"href":"https:\/\/ontherightfootlab.com\/en\/wp-json\/wp\/v2\/pages\/6343\/revisions"}],"predecessor-version":[{"id":6441,"href":"https:\/\/ontherightfootlab.com\/en\/wp-json\/wp\/v2\/pages\/6343\/revisions\/6441"}],"wp:attachment":[{"href":"https:\/\/ontherightfootlab.com\/en\/wp-json\/wp\/v2\/media?parent=6343"}],"curies":[{"name":"wp","href":"https:\/\/api.w.org\/{rel}","templated":true}]}}